{"id":119,"date":"2017-06-20T21:58:00","date_gmt":"2017-06-20T19:58:00","guid":{"rendered":"http:\/\/kls-neuruppin.de.w0170a7f.kasserver.com\/wordpress\/?page_id=119"},"modified":"2025-09-10T09:06:11","modified_gmt":"2025-09-10T07:06:11","slug":"ganztag","status":"publish","type":"page","link":"https:\/\/kls-neuruppin.de\/wordpress\/ganztag\/","title":{"rendered":"Ganztag"},"content":{"rendered":"<p>Die &nbsp;stetig wachsende Heterogenit\u00e4t unserer Sch\u00fclerschaft macht es erforderlich, \u00fcber den normalen Unterricht hinaus Angebote zu schaffen, in denen sich die Kinder ausprobieren k\u00f6nnen, Zuwendung erhalten, spielen k\u00f6nnen oder ihr Talent zeigen. Dies sorgt daf\u00fcr, dass sich die Sch\u00fclerinnen und Sch\u00fcler auf das Leben in unserer Gesellschaft noch besser vorbereiten k\u00f6nnen.<\/p>\n<p>Der Schultag an der Grundschule \u201eKarl Liebknecht\u201c endet selten um 12.50 oder 13.40 Uhr, eher um 16.00 Uhr. Etwa 30 Angebote, sportlich oder musikalisch, technisch oder naturwissenschaftlich, stehen zur Verf\u00fcgung. Ebenfalls inkludiert ist eine t\u00e4gliche Hausaufgabenbetreuung. Verl\u00e4ssliche Partner garantieren ein ansprechendes Niveau.<\/p>\n<p><strong>Wie melde ich mich f\u00fcr ein Ganztagsangebot an?<\/strong><br \/>\n1. Am 12.09.2025 den Anmeldezettel vom Klassenlehrer erhalten.<br \/>\n3. Am 15.09.2025 den Anmeldezettel ab 07.30 Uhr bei Frau R\u00e4der abgeben.<br \/>\n4. Am 18.09.2025 schauen, in welchen Angeboten man aufgenommen wurde.<br \/>\n5. Ab 22.09.2025 beginnen die Ganztagsangebote.<\/p>\n<p><a href=\"https:\/\/kls-neuruppin.de\/wordpress\/wp-content\/uploads\/2025\/09\/Uebersicht_Ganztagsangebote_2025_2026.pdf\">..:: \u00dcbersicht der Ganztagsangebote im Schuljahr 2025\/2026 ::..<\/a>&nbsp;<br \/>\n&nbsp;<\/p>\n","protected":false},"excerpt":{"rendered":"<p>Die &nbsp;stetig wachsende Heterogenit\u00e4t unserer Sch\u00fclerschaft macht es erforderlich, \u00fcber den normalen Unterricht hinaus Angebote zu schaffen, in denen sich die Kinder ausprobieren k\u00f6nnen, Zuwendung erhalten, spielen k\u00f6nnen oder ihr Talent zeigen. Dies sorgt daf\u00fcr, dass sich die Sch\u00fclerinnen und Sch\u00fcler auf das Leben in unserer Gesellschaft noch besser vorbereiten k\u00f6nnen. Der Schultag an der [&hellip;]<\/p>\n","protected":false},"author":1,"featured_media":0,"parent":0,"menu_order":0,"comment_status":"closed","ping_status":"closed","template":"","meta":{"ngg_post_thumbnail":0,"footnotes":""},"class_list":["post-119","page","type-page","status-publish","hentry"],"_links":{"self":[{"href":"https:\/\/kls-neuruppin.de\/wordpress\/wp-json\/wp\/v2\/pages\/119","targetHints":{"allow":["GET"]}}],"collection":[{"href":"https:\/\/kls-neuruppin.de\/wordpress\/wp-json\/wp\/v2\/pages"}],"about":[{"href":"https:\/\/kls-neuruppin.de\/wordpress\/wp-json\/wp\/v2\/types\/page"}],"author":[{"embeddable":true,"href":"https:\/\/kls-neuruppin.de\/wordpress\/wp-json\/wp\/v2\/users\/1"}],"replies":[{"embeddable":true,"href":"https:\/\/kls-neuruppin.de\/wordpress\/wp-json\/wp\/v2\/comments?post=119"}],"version-history":[{"count":21,"href":"https:\/\/kls-neuruppin.de\/wordpress\/wp-json\/wp\/v2\/pages\/119\/revisions"}],"predecessor-version":[{"id":21877,"href":"https:\/\/kls-neuruppin.de\/wordpress\/wp-json\/wp\/v2\/pages\/119\/revisions\/21877"}],"wp:attachment":[{"href":"https:\/\/kls-neuruppin.de\/wordpress\/wp-json\/wp\/v2\/media?parent=119"}],"curies":[{"name":"wp","href":"https:\/\/api.w.org\/{rel}","templated":true}]}}