{"id":126,"date":"2017-06-20T22:00:02","date_gmt":"2017-06-20T20:00:02","guid":{"rendered":"http:\/\/kls-neuruppin.de.w0170a7f.kasserver.com\/wordpress\/?page_id=126"},"modified":"2022-08-01T10:33:01","modified_gmt":"2022-08-01T08:33:01","slug":"schulprogramm","status":"publish","type":"page","link":"https:\/\/kls-neuruppin.de\/wordpress\/schulprogramm\/","title":{"rendered":"Schulprogramm"},"content":{"rendered":"\n<p>Die Grundschule &#8220;Karl Liebknecht hat im Schuljahr 2021\/2022 ihr Schulprogramm vollst\u00e4ndig erneuert. Im Folgenden sind die Leitziele aufgef\u00fchrt. <\/p>\n\n\n\n<p><strong>Leitziel 1: An unserer Schule ist respektvoller Umgang und Freundlichkeit zwischen allen im Schulkontext mitwirkenden Akteuren obligatorisch.<\/strong><\/p>\n\n\n\n<p><em>Vor dem Hintergrund der Ergebnisse der Befragung sowie der Kommentare mehrerer Eltern spielt das Thema Mobbing eine wichtige Rolle. Um das formulierte Ziel zu erreichen, ist es vonn\u00f6ten, dass das gesamte p\u00e4dagogische Personal der Schule die Theorie zu diesem Thema kennt und anwendungsbereites Wissen beim Auftreten von Mobbing verinnerlicht. Die Durchf\u00fchrung von Fortbildung ist f\u00fcr das gesamte Kollegium in den Schuljahren 2022\/2023 und 2023\/2024 verpflichtend.<\/em><\/p>\n\n\n\n<p><strong>Leitziel 2: An unserer Schule ist Vielfalt St\u00e4rke, die jedoch auch f\u00fcr unterschiedliche Einstellungen und Meinungen zu Themen des Unterrichts sowie zur Zusammenarbeit mit allen schulischen Akteuren sorgt, so dass Konflikte entstehen k\u00f6nnen.<\/strong><\/p>\n\n\n\n<p><em>Vor dem Hintergrund, dass sich Konflikte nicht immer zwischen den im Schulbetrieb aktiven Akteuren l\u00f6sen lassen, wird zum Schuljahr 2022\/2023 die Position der Beratungslehrkraft eingef\u00fchrt und mit 2 LWS aus dem GL-Pool unterlegt. Sie ist Ansprechpartner f\u00fcr alle Sch\u00fclerinnen und Sch\u00fcler sowie Eltern und dem p\u00e4dagogischen Personal in Fragestellungen, die nicht zwischen den Konfliktparteien zu l\u00f6sen sind. Es ist vorgesehen, dass die Schulleitung lediglich Informationen erh\u00e4lt, wenn sich der Konflikt nicht l\u00f6sen l\u00e4sst.<\/em><\/p>\n\n\n\n<p><em>Dar\u00fcber hinaus wird zu Beginn des Schuljahres 2022\/2023 eine Steuergruppe aus Lehrkr\u00e4ften, Sonderp\u00e4dagogen und Eltern gebildet, die aktuelle Themen und Problemlagen konzeptionell bearbeitet. Diese Steuergruppe trifft sich mindestens viermal im Jahr (montags, 15.00 Uhr), die Termine sind fest im Schuljahresterminplan verankert.<\/em><\/p>\n\n\n\n<p><strong>Leitziel 3: An unserer Schule lernen alle Sch\u00fclerinnen und Sch\u00fcler angstfrei im Unterricht, der eine umfassende F\u00f6rderung und Forderung aufweist.<\/strong><\/p>\n\n\n\n<p><em>Vor dem Hintergrund, regelm\u00e4\u00dfig Erfolgserlebnisse f\u00fcr alle Sch\u00fclerinnen und Sch\u00fcler zu organisieren und den eigenen Unterricht zu reflektieren, f\u00fchren alle Lehrkr\u00e4fte im November eines jeden Schuljahres eine Evaluation ihres Unterrichts durch. Daf\u00fcr ist u.a. das SEP-Portal zu nutzen, die Ergebnisse verbleiben ausschlie\u00dflich bei der Lehrkraft. Bei Bedarf steht die Schulleitung oder eine vertraute Lehrkraft zur Auswertung der Ergebnisse bzw. zur Fallberatung zur Verf\u00fcgung. Dar\u00fcber hinaus erfolgen von Seiten des Schulleiters regelm\u00e4\u00dfige Hospitationen bzgl. der Qualit\u00e4t des Unterrichts. Ma\u00dfgeblich hierf\u00fcr sind die sieben Schwerpunkte p\u00e4dagogische Grundhaltung, Lernklima, kommunikatives Verhalten, fachliche Qualit\u00e4t, didaktische Fundierung, Strukturierung sowie Initiierung von Lernprozessen<\/em><\/p>\n\n\n\n<p><strong>Leitziel 4: An unserer Schule sorgen besondere Ereignisse f\u00fcr eine tolle Grundschulzeit bei den Sch\u00fclerinnen und Sch\u00fclern.<\/strong><\/p>\n\n\n\n<p><em>Vor dem Hintergrund, dass herausragende Aktivit\u00e4ten und Feste Sch\u00fclerinnen und Sch\u00fcler besonders pr\u00e4gen, ist Folgendes verbindlich im Jahresterminplan avisiert:<\/em><\/p>\n\n\n\n<ul class=\"wp-block-list\"><li><em>Einschulungsfeier im August<\/em><\/li><li><em>gro\u00dfes Schachturnier im September<\/em><\/li><li><em>Tag der offenen T\u00fcr im Dezember<\/em><\/li><li><em>Weihnachtssingen im Dezember<\/em><\/li><li><em>Faschingsfeier im Januar<\/em><\/li><li><em>Vorschulaktivit\u00e4ten fortlaufend<\/em><\/li><li><em>Mathematikolympiade im Februar<\/em><\/li><li><em>K\u00e4nguruwettbewerb im M\u00e4rz<\/em><\/li><li><em>Karli-Sonnenkinder-Fest im Mai<\/em><\/li><li><em>Drums for Peace im Mai<\/em><\/li><li><em>Sportfest im Juni<\/em><\/li><li><em>feierliche Zeugnisausgabe im Juni\/Juli<\/em><\/li><li><em>Schuljahresausklang mit Liederreise<\/em><\/li><\/ul>\n\n\n\n<p><em>Dar\u00fcber hinaus sorgen klasseninterne Theaterfahrten, Projekte, Wandertage, Klassenfahrten, Lesungen, Auftritte, Turniere und Wettk\u00e4mpfe f\u00fcr weitere H\u00f6hepunkte im schulischen Alltag<\/em><\/p>\n\n\n\n<p>Das gesamte Schulprogramm ist im Sekretariat der Schule einsehbar.<\/p>\n","protected":false},"excerpt":{"rendered":"<p>Die Grundschule &#8220;Karl Liebknecht hat im Schuljahr 2021\/2022 ihr Schulprogramm vollst\u00e4ndig erneuert. Im Folgenden sind die Leitziele aufgef\u00fchrt. Leitziel 1: An unserer Schule ist respektvoller Umgang und Freundlichkeit zwischen allen im Schulkontext mitwirkenden Akteuren obligatorisch. Vor dem Hintergrund der Ergebnisse der Befragung sowie der Kommentare mehrerer Eltern spielt das Thema Mobbing eine wichtige Rolle. Um [&hellip;]<\/p>\n","protected":false},"author":1,"featured_media":0,"parent":0,"menu_order":0,"comment_status":"closed","ping_status":"closed","template":"","meta":{"ngg_post_thumbnail":0,"footnotes":""},"class_list":["post-126","page","type-page","status-publish","hentry"],"_links":{"self":[{"href":"https:\/\/kls-neuruppin.de\/wordpress\/wp-json\/wp\/v2\/pages\/126","targetHints":{"allow":["GET"]}}],"collection":[{"href":"https:\/\/kls-neuruppin.de\/wordpress\/wp-json\/wp\/v2\/pages"}],"about":[{"href":"https:\/\/kls-neuruppin.de\/wordpress\/wp-json\/wp\/v2\/types\/page"}],"author":[{"embeddable":true,"href":"https:\/\/kls-neuruppin.de\/wordpress\/wp-json\/wp\/v2\/users\/1"}],"replies":[{"embeddable":true,"href":"https:\/\/kls-neuruppin.de\/wordpress\/wp-json\/wp\/v2\/comments?post=126"}],"version-history":[{"count":9,"href":"https:\/\/kls-neuruppin.de\/wordpress\/wp-json\/wp\/v2\/pages\/126\/revisions"}],"predecessor-version":[{"id":17965,"href":"https:\/\/kls-neuruppin.de\/wordpress\/wp-json\/wp\/v2\/pages\/126\/revisions\/17965"}],"wp:attachment":[{"href":"https:\/\/kls-neuruppin.de\/wordpress\/wp-json\/wp\/v2\/media?parent=126"}],"curies":[{"name":"wp","href":"https:\/\/api.w.org\/{rel}","templated":true}]}}