{"id":238,"date":"2017-08-16T14:43:19","date_gmt":"2017-08-16T12:43:19","guid":{"rendered":"http:\/\/kls-neuruppin.de.w0170a7f.kasserver.com\/wordpress\/?page_id=238"},"modified":"2020-07-22T10:51:33","modified_gmt":"2020-07-22T08:51:33","slug":"schulleitung","status":"publish","type":"page","link":"https:\/\/kls-neuruppin.de\/wordpress\/schulleitung\/","title":{"rendered":"Schulleitung"},"content":{"rendered":"<p><strong><img fetchpriority=\"high\" decoding=\"async\" class=\"alignright size-medium wp-image-244\" src=\"http:\/\/kls-neuruppin.de.w0170a7f.kasserver.com\/wordpress\/wp-content\/uploads\/2017\/08\/Image0003-200x300.jpg\" alt=\"\" width=\"200\" height=\"300\" srcset=\"https:\/\/kls-neuruppin.de\/wordpress\/wp-content\/uploads\/2017\/08\/Image0003-200x300.jpg 200w, https:\/\/kls-neuruppin.de\/wordpress\/wp-content\/uploads\/2017\/08\/Image0003-768x1154.jpg 768w, https:\/\/kls-neuruppin.de\/wordpress\/wp-content\/uploads\/2017\/08\/Image0003-681x1024.jpg 681w, https:\/\/kls-neuruppin.de\/wordpress\/wp-content\/uploads\/2017\/08\/Image0003-624x938.jpg 624w\" sizes=\"(max-width: 200px) 100vw, 200px\" \/>Schulleiter<\/strong><br \/>\nHerr Mathias J\u00e4kel leitet seit dem Schuljahr 2017\/2018 die Grundschule &#8220;Karl Liebknecht&#8221; Neuruppin. Geboren in der Fontanestadt, erlebte er seine Grundschulzeit an der Karli, ehe er am Karl-Friedrich-Schinkel-Gymnasium das Abitur absolvierte. Nach einem f\u00fcnfj\u00e4hrigen Studium an der Universit\u00e4t Hamburg und einem Jahr an der F\u00f6rderschule Wittstock unterrichtet er seit 2014 an der KLS die F\u00e4cher Deutsch, Mathematik, Gesellschaftswissenschaften, LER und WAT. Zugleich ist er &nbsp;begeisterter Schachspieler. Wenn es die Zeit zul\u00e4sst, besucht er Fu\u00dfballspiele beim SV Babelsberg 03.<\/p>\n<p>&nbsp;<\/p>\n<p><strong>Stellvertretende Schulleiterin<\/strong><br \/>\nFrau Astrid Henschel ist ab dem Schuljahr 2020\/2021 die stellvertretende Schulleiterin an der Grundschule &#8220;Karl Liebknecht&#8221; Neuruppin, nachdem sie schon \u00fcber 30 Jahre an der unserer Schule als Klassenlehrerin im Anfangsunterricht t\u00e4tig war. Frau Henschel ist insbesondere f\u00fcr den Stunden- und Vertretungsplan verantwortlich und unterrichtet die F\u00e4cher Englisch, Sport und WAT.<\/p>\n","protected":false},"excerpt":{"rendered":"<p>Schulleiter Herr Mathias J\u00e4kel leitet seit dem Schuljahr 2017\/2018 die Grundschule &#8220;Karl Liebknecht&#8221; Neuruppin. Geboren in der Fontanestadt, erlebte er seine Grundschulzeit an der Karli, ehe er am Karl-Friedrich-Schinkel-Gymnasium das Abitur absolvierte. Nach einem f\u00fcnfj\u00e4hrigen Studium an der Universit\u00e4t Hamburg und einem Jahr an der F\u00f6rderschule Wittstock unterrichtet er seit 2014 an der KLS die [&hellip;]<\/p>\n","protected":false},"author":1,"featured_media":0,"parent":0,"menu_order":0,"comment_status":"closed","ping_status":"closed","template":"","meta":{"ngg_post_thumbnail":0,"footnotes":""},"class_list":["post-238","page","type-page","status-publish","hentry"],"_links":{"self":[{"href":"https:\/\/kls-neuruppin.de\/wordpress\/wp-json\/wp\/v2\/pages\/238","targetHints":{"allow":["GET"]}}],"collection":[{"href":"https:\/\/kls-neuruppin.de\/wordpress\/wp-json\/wp\/v2\/pages"}],"about":[{"href":"https:\/\/kls-neuruppin.de\/wordpress\/wp-json\/wp\/v2\/types\/page"}],"author":[{"embeddable":true,"href":"https:\/\/kls-neuruppin.de\/wordpress\/wp-json\/wp\/v2\/users\/1"}],"replies":[{"embeddable":true,"href":"https:\/\/kls-neuruppin.de\/wordpress\/wp-json\/wp\/v2\/comments?post=238"}],"version-history":[{"count":8,"href":"https:\/\/kls-neuruppin.de\/wordpress\/wp-json\/wp\/v2\/pages\/238\/revisions"}],"predecessor-version":[{"id":7873,"href":"https:\/\/kls-neuruppin.de\/wordpress\/wp-json\/wp\/v2\/pages\/238\/revisions\/7873"}],"wp:attachment":[{"href":"https:\/\/kls-neuruppin.de\/wordpress\/wp-json\/wp\/v2\/media?parent=238"}],"curies":[{"name":"wp","href":"https:\/\/api.w.org\/{rel}","templated":true}]}}