{"id":26,"date":"2017-06-19T21:13:18","date_gmt":"2017-06-19T19:13:18","guid":{"rendered":"http:\/\/kls-neuruppin.de.w0170a7f.kasserver.com\/wordpress\/?page_id=26"},"modified":"2025-07-24T07:56:03","modified_gmt":"2025-07-24T05:56:03","slug":"ueber-mich","status":"publish","type":"page","link":"https:\/\/kls-neuruppin.de\/wordpress\/ueber-mich\/","title":{"rendered":"Unsere Schule"},"content":{"rendered":"<p><strong><img fetchpriority=\"high\" decoding=\"async\" class=\"alignright size-medium wp-image-260\" src=\"http:\/\/kls-neuruppin.de.w0170a7f.kasserver.com\/wordpress\/wp-content\/uploads\/2017\/06\/Schulgeb\u00e4ude-300x200.jpg\" alt=\"\" width=\"300\" height=\"200\" srcset=\"https:\/\/kls-neuruppin.de\/wordpress\/wp-content\/uploads\/2017\/06\/Schulgeb\u00e4ude-300x200.jpg 300w, https:\/\/kls-neuruppin.de\/wordpress\/wp-content\/uploads\/2017\/06\/Schulgeb\u00e4ude-768x512.jpg 768w, https:\/\/kls-neuruppin.de\/wordpress\/wp-content\/uploads\/2017\/06\/Schulgeb\u00e4ude-1024x683.jpg 1024w, https:\/\/kls-neuruppin.de\/wordpress\/wp-content\/uploads\/2017\/06\/Schulgeb\u00e4ude-624x416.jpg 624w\" sizes=\"(max-width: 300px) 100vw, 300px\" \/> <img decoding=\"async\" class=\"alignright size-medium wp-image-259\" src=\"http:\/\/kls-neuruppin.de.w0170a7f.kasserver.com\/wordpress\/wp-content\/uploads\/2017\/06\/Eingang-300x200.jpg\" alt=\"\" width=\"300\" height=\"200\" srcset=\"https:\/\/kls-neuruppin.de\/wordpress\/wp-content\/uploads\/2017\/06\/Eingang-300x200.jpg 300w, https:\/\/kls-neuruppin.de\/wordpress\/wp-content\/uploads\/2017\/06\/Eingang-768x512.jpg 768w, https:\/\/kls-neuruppin.de\/wordpress\/wp-content\/uploads\/2017\/06\/Eingang-1024x683.jpg 1024w, https:\/\/kls-neuruppin.de\/wordpress\/wp-content\/uploads\/2017\/06\/Eingang-624x416.jpg 624w\" sizes=\"(max-width: 300px) 100vw, 300px\" \/> <img decoding=\"async\" class=\"alignright size-medium wp-image-258\" src=\"http:\/\/kls-neuruppin.de.w0170a7f.kasserver.com\/wordpress\/wp-content\/uploads\/2017\/06\/Sportplatz-300x200.jpg\" alt=\"\" width=\"300\" height=\"200\" srcset=\"https:\/\/kls-neuruppin.de\/wordpress\/wp-content\/uploads\/2017\/06\/Sportplatz-300x200.jpg 300w, https:\/\/kls-neuruppin.de\/wordpress\/wp-content\/uploads\/2017\/06\/Sportplatz-768x512.jpg 768w, https:\/\/kls-neuruppin.de\/wordpress\/wp-content\/uploads\/2017\/06\/Sportplatz-1024x683.jpg 1024w, https:\/\/kls-neuruppin.de\/wordpress\/wp-content\/uploads\/2017\/06\/Sportplatz-624x416.jpg 624w\" sizes=\"(max-width: 300px) 100vw, 300px\" \/><\/strong>Gelegen am Rande des Wohnkomplexes III in der Fontanestadt Neuruppin, lernen an unserer Schule etwa 300 Kinder aus dem gesamten Neubaugebiet sowie aus Treskow, Bechlin, Buskow und St\u00f6ffin. Sie werden von 21 Lehrerinnen und Lehrern unterrichtet, die durch mehrere Einzelfallhelfer weitere Unterst\u00fctzung erfahren.<\/p>\n<p>Unsere Schule, die gr\u00f6\u00dfte Grundschule in Neuruppin, arbeitet als offene Ganztagsschule. Das bedeutet, dass &nbsp;unsere Kinder aus einem umfangreichen Nachmittagsangebot von Montag bis Freitag w\u00e4hlen k\u00f6nnen. Etwa 300 Kinder nehmen daran teil.<\/p>\n<p>Wir sind eine Schule f\u00fcr Gemeinsames Lernen, wodurch Kinder mit sonderp\u00e4dagogischem F\u00f6rderbedarf oder auch mit Migrationshintergrund in den Regelklassen integriert sind und lernen. Zus\u00e4tzlich erhalten Kinder mit Lese-Rechtschreib-Schwierigkeiten oder Rechenschw\u00e4che eine zus\u00e4tzliche F\u00f6rderung. F\u00fcr leistungsstarke Sch\u00fcler wird eine Begabtenf\u00f6rderung in Musik sowie im Schach angeboten.<\/p>\n","protected":false},"excerpt":{"rendered":"<p>Gelegen am Rande des Wohnkomplexes III in der Fontanestadt Neuruppin, lernen an unserer Schule etwa 300 Kinder aus dem gesamten Neubaugebiet sowie aus Treskow, Bechlin, Buskow und St\u00f6ffin. Sie werden von 21 Lehrerinnen und Lehrern unterrichtet, die durch mehrere Einzelfallhelfer weitere Unterst\u00fctzung erfahren. Unsere Schule, die gr\u00f6\u00dfte Grundschule in Neuruppin, arbeitet als offene Ganztagsschule. Das [&hellip;]<\/p>\n","protected":false},"author":1,"featured_media":0,"parent":0,"menu_order":0,"comment_status":"closed","ping_status":"closed","template":"","meta":{"ngg_post_thumbnail":0,"footnotes":""},"class_list":["post-26","page","type-page","status-publish","hentry"],"_links":{"self":[{"href":"https:\/\/kls-neuruppin.de\/wordpress\/wp-json\/wp\/v2\/pages\/26","targetHints":{"allow":["GET"]}}],"collection":[{"href":"https:\/\/kls-neuruppin.de\/wordpress\/wp-json\/wp\/v2\/pages"}],"about":[{"href":"https:\/\/kls-neuruppin.de\/wordpress\/wp-json\/wp\/v2\/types\/page"}],"author":[{"embeddable":true,"href":"https:\/\/kls-neuruppin.de\/wordpress\/wp-json\/wp\/v2\/users\/1"}],"replies":[{"embeddable":true,"href":"https:\/\/kls-neuruppin.de\/wordpress\/wp-json\/wp\/v2\/comments?post=26"}],"version-history":[{"count":14,"href":"https:\/\/kls-neuruppin.de\/wordpress\/wp-json\/wp\/v2\/pages\/26\/revisions"}],"predecessor-version":[{"id":21807,"href":"https:\/\/kls-neuruppin.de\/wordpress\/wp-json\/wp\/v2\/pages\/26\/revisions\/21807"}],"wp:attachment":[{"href":"https:\/\/kls-neuruppin.de\/wordpress\/wp-json\/wp\/v2\/media?parent=26"}],"curies":[{"name":"wp","href":"https:\/\/api.w.org\/{rel}","templated":true}]}}