{"id":2746,"date":"2018-05-26T18:20:39","date_gmt":"2018-05-26T16:20:39","guid":{"rendered":"http:\/\/kls-neuruppin.de\/wordpress\/?page_id=2746"},"modified":"2020-08-04T18:13:42","modified_gmt":"2020-08-04T16:13:42","slug":"datenschutzerklaerung","status":"publish","type":"page","link":"https:\/\/kls-neuruppin.de\/wordpress\/datenschutzerklaerung\/","title":{"rendered":"Datenschutzerkl\u00e4rung"},"content":{"rendered":"<h2>A. Name und Anschrift des Verantwortlichen (gem\u00e4\u00df Artikel 13 Absatz 1 Buchstabe a i.V.m. 4 Nummer 7 DSGVO)<\/h2>\n<p>Grundschule \u201eKarl Liebknecht\u201c Neuruppin<br \/>\nFranz-Mehring-Str. 1a<br \/>\n16816 Neuruppin<br \/>\nTelefon: 03391 4049480<br \/>\nE-Mail: karlischu@t-online.de<\/p>\n<h3>Vertretungsberechtigt<\/h3>\n<p>Mathias J\u00e4kel, Schulleiter<\/p>\n<h2>B. Kontaktdaten der oder des Datenschutzbeauftragten (gem\u00e4\u00df Artikel 13 Absatz 1 Buchstabe b)<\/h2>\n<p><strong>Frau Gudrun Unger<\/strong><\/p>\n<p>Tel.:&nbsp; 03391 4044418<br \/>\nE-Mail: &nbsp;gudrun.unger@schulaemter.brandenburg.de<\/p>\n<h2><strong>C. Information \u00fcber die Erhebung personenbezogener Daten, Speicherdauer <\/strong><\/h2>\n<p>Im Folgenden informieren wir \u00fcber die Erhebung personenbezogener Daten bei Nutzung unserer Website. Personenbezogene Daten sind alle Daten, die auf Sie pers\u00f6nlich beziehbar sind, z. B. Name, Adresse, E-Mail-Adressen.<\/p>\n<p>Bei Ihrer Kontaktaufnahme mit uns \u00fcber ein Kontaktformular werden die von Ihnen mitgeteilten Daten (Ihre E-Mail-Adresse, ggf. Ihr Name und Ihre Telefonnummer) von uns gespeichert, um Ihre Fragen zu beantworten. Die in diesem Zusammenhang anfallenden Daten l\u00f6schen wir, nachdem die Speicherung nicht mehr erforderlich ist, oder schr\u00e4nken die Verarbeitung ein, falls gesetzliche Aufbewahrungspflichten bestehen.<\/p>\n<h2><strong>D. Erhebung und Zwecke der Verarbeitung personenbezogener Daten bei Besuch unserer Website <\/strong><\/h2>\n<p>Bei der blo\u00df informatorischen Nutzung der Website, also wenn Sie sich nicht registrieren oder uns anderweitig Informationen \u00fcbermitteln, erheben wir nur die personenbezogenen Daten, die Ihr Browser an unseren Server \u00fcbermittelt. Wenn Sie unsere Website betrachten, erheben wir die folgenden Daten, die f\u00fcr uns technisch erforderlich sind, um Ihnen unsere Website anzuzeigen und die Stabilit\u00e4t und Sicherheit zu gew\u00e4hrleisten. Die Verarbeitung erfolgt allein f\u00fcr diese Zwecke:<\/p>\n<p>&nbsp;<\/p>\n<p>&#8211; IP-Adresse<\/p>\n<p>&#8211; Datum und Uhrzeit der Anfrage<\/p>\n<p>&#8211; Zeitzonendifferenz zur Greenwich Mean Time (GMT)<\/p>\n<p>&#8211; Inhalt der Anforderung (konkrete Seite)<\/p>\n<p>&#8211; Zugriffsstatus\/HTTP-Statuscode<\/p>\n<p>&#8211; jeweils \u00fcbertragene Datenmenge<\/p>\n<p>&#8211; Website, von der die Anforderung kommt<\/p>\n<p>&#8211; Browser<\/p>\n<p>&#8211; Betriebssystem und dessen Oberfl\u00e4che<\/p>\n<p>&#8211; Sprache und Version der Browsersoftware.<\/p>\n<h2><strong>E. Erhebung und Zwecke der Verarbeitung personenbezogener Daten bei Kontaktaufnahme<\/strong><\/h2>\n<p>Sofern Sie den Kontakt mit uns aufnehmen, werden neben den o.g. Daten auch die von Ihnen \u00fcbermittelten personenbezogenen Daten automatisch gespeichert. Diese Daten werden f\u00fcr Zwecke der Bearbeitung Ihres Anliegens und der Kontaktaufnahme mit Ihnen gespeichert, soweit dies hierf\u00fcr erforderlich ist. Dies ist z.B. dann der Fall, wenn Sie einen Termin f\u00fcr ein Gespr\u00e4ch bei der Schulleitung vereinbaren wollen.<\/p>\n<p>Wenn Sie Gebrauch von unserem <strong>Kontaktformular<\/strong> machen, werden die folgenden personenbezogenen Daten von Ihnen gespeichert:<\/p>\n<ul>\n<li>Ihr Name,<\/li>\n<li>Ihre Anschrift,<\/li>\n<li>Ihre E-Mail-Adresse<\/li>\n<\/ul>\n<p>Die L\u00f6schung der Daten erfolgt, sobald deren Speicherung f\u00fcr die Bearbeitung Ihres Anliegens nicht mehr erforderlich ist (Rechtsgrundlage ist Artikel 6 Absatz 1 Buchstabe e).<\/p>\n<h2>F.&nbsp;&nbsp;&nbsp;&nbsp;&nbsp;&nbsp;&nbsp;&nbsp; Verwendung von Cookies<\/h2>\n<p>Ein Cookie ist eine kleine Textdatei, die von Ihrem Browser (z.B. Firefox, Chrome, Microsoft Explorer\/Edge, Safari etc.) auf der Festplatte Ihres Rechners (i.e.S. Ihrem Betriebssystem) gespeichert wird.<\/p>\n<p>Diese Website nutzt <strong>\u201eTransiente Cookies\u201c<\/strong>. Hierzu geh\u00f6ren sogenannte \u201eSession-Cookies\u201c. Beim Aufruf unserer Seiten wird ein \u201eSession-Cookie\u201c gesetzt, das die Identit\u00e4t der Browser-Sitzung auf Ihrem Rechner festh\u00e4lt und nach Ende der Browser-Sitzung wieder von Ihrem Rechner gel\u00f6scht wird. Die Verwendung des Session-Cookies erfolgt aus technischen Gr\u00fcnden. Die durch diese Cookies verarbeiteten Daten sind nach Artikel 6 Absatz 1 Satz 1 Buchstabe e DSGVO f\u00fcr eine technische Optimierung der Bereitstellung unserer Internetseite erforderlich in Ihrem Browser erforderlich. <em>\u2026(Hinweis: soweit transiente Cookies \u00fcber die technische Optimierung hinaus zu weiteren Zwecken (z. B. Webshop, nur mit Anmeldung zug\u00e4ngliche Bereiche der Seite) genutzt werden, sind diese Zwecke konkret zu beschreiben) \u2026<\/em> Diese Informationen werden nach Ende der Sitzung gel\u00f6scht und stehen in sp\u00e4teren Browser-Sitzungen nicht mehr zur Verf\u00fcgung<\/p>\n<p>Die meisten Browser sind so eingestellt, dass sie Cookies automatisch akzeptieren. Es besteht jedoch die M\u00f6glichkeit, den Browser so einzustellen, dass keine Cookies gespeichert werden. In diesem Fall besteht allerdings die M\u00f6glichkeit, dass Sie nicht den vollen Funktionsumfang unserer Internetseiten nutzen k\u00f6nnen.<\/p>\n<h2><strong>G. Betroffenenrechte<\/strong><\/h2>\n<p><strong>(Art. 13 Absatz 2 Buchst. b bis f DSGVO)<\/strong><\/p>\n<p>Sie k\u00f6nnen folgende Rechte geltend machen:<\/p>\n<p><strong>Auskunft\/ Akteneinsicht <\/strong>(Art. 13 Absatz 2 Buchst. b DSGVO):<\/p>\n<table>\n<tbody>\n<tr>\n<td width=\"614\">Gem. Art. 15 DSGVO haben Sie das Recht, Auskunft bzw. Akteneinsicht \u00fcber die von uns verarbeiteten personenbezogenen Daten zu erhalten.<\/td>\n<\/tr>\n<\/tbody>\n<\/table>\n<p><strong>Berichtigung <\/strong>(Art. 13 Absatz 2 Buchst. b DSGVO)<strong>:<\/strong><\/p>\n<table>\n<tbody>\n<tr>\n<td width=\"614\">Sind bei uns gespeicherte personenbezogene Daten unrichtig oder unvollst\u00e4ndig, haben Sie gem. Art. 16 DSGVO das Recht, diese berichtigen bzw. vervollst\u00e4ndigen zu lassen.<\/td>\n<\/tr>\n<\/tbody>\n<\/table>\n<p><strong>L\u00f6schung <\/strong>(Art. 13 Absatz 2 Buchst. b DSGVO)<strong>:<\/strong><\/p>\n<table>\n<tbody>\n<tr>\n<td width=\"614\">Art. 17 DSGVO normiert das Recht auf L\u00f6schung personenbezogener Daten. Dieses Recht steht Ihnen insbesondere dann zu, wenn die Speicherung der personenbezogenen Daten zur Erf\u00fcllung unserer gesetzlichen Aufgaben nicht oder nicht mehr erforderlich ist oder eine etwaige Einwilligung widerrufen wurde. und einwiligung vorliegt..<\/td>\n<\/tr>\n<\/tbody>\n<\/table>\n<p><strong>Einschr\u00e4nkung der Verarbeitung<\/strong> (Art. 13 Absatz 2 Buchst. b DSGVO)<strong>:<\/strong><\/p>\n<table>\n<tbody>\n<tr>\n<td width=\"614\">Gem. Art. 18 DSGVO k\u00f6nnen Sie die Einschr\u00e4nkung der personenbezogenen Daten verlangen, wenn&nbsp;<\/p>\n<p>\u00b7&nbsp;&nbsp;&nbsp;&nbsp;&nbsp;&nbsp;&nbsp;&nbsp; die Richtigkeit der Daten von Ihnen bestritten wird<\/p>\n<p>\u00b7&nbsp;&nbsp;&nbsp;&nbsp;&nbsp;&nbsp;&nbsp;&nbsp; die Verarbeitung unrechtm\u00e4\u00dfig ist, Sie aber deren L\u00f6schung ablehnen<\/p>\n<p>\u00b7&nbsp;&nbsp;&nbsp;&nbsp;&nbsp;&nbsp;&nbsp;&nbsp; wir die Daten nicht mehr ben\u00f6tigen, Sie jedoch diese zur Geltendmachung, Aus\u00fcbung oder Verteidigung von Rechtsanspr\u00fcchen ben\u00f6tigen<\/p>\n<p>\u00b7&nbsp;&nbsp;&nbsp;&nbsp;&nbsp;&nbsp;&nbsp;&nbsp; oder Sie gem\u00e4\u00df Art. 21 DSGVO Widerspruch gegen die Verarbeitung eingelegt haben<\/td>\n<\/tr>\n<\/tbody>\n<\/table>\n<p>&nbsp;<\/p>\n<p><strong>Widerspruch <\/strong>(Art. 13 Absatz 2 Buchst. b DSGVO)<strong>:<\/strong><\/p>\n<table>\n<tbody>\n<tr>\n<td width=\"614\">Sie k\u00f6nnen bei Gr\u00fcnden, die sich aus Ihrer besonderen Situation ergeben, ein Widerspruchsrecht geltend machen. Gem. Art. 21 DSGVO ist jedoch zu ber\u00fccksichtigten, ob schutzw\u00fcrdige Gr\u00fcnde f\u00fcr die Verarbeitung vorliegen oder die Verarbeitung der Geltendmachung, Aus\u00fcbung oder Verteidigung von Rechtsanspr\u00fcchen dient.<\/td>\n<\/tr>\n<\/tbody>\n<\/table>\n<p><strong>Recht auf Widerruf der Einwilligung <\/strong>(Art. 13 Absatz 2 Buchst. c DSGVO)<strong>:<\/strong><\/p>\n<table>\n<tbody>\n<tr>\n<td width=\"614\">Soweit die Verarbeitung der personenbezogenen Daten auf Grundlage einer Einwilligung erfolgt, kann der Betroffene diese jederzeit f\u00fcr den entsprechenden Zweck widerrufen. Die Rechtm\u00e4\u00dfigkeit der Verarbeitung aufgrund der get\u00e4tigten Einwilligung bleibt bis zum Eingang des Widerrufs unber\u00fchrt.<\/td>\n<\/tr>\n<\/tbody>\n<\/table>\n<p><strong>Beschwerde <\/strong>(Art. 13 Absatz 2 Buchst. d DSGVO)<strong>:<\/strong><\/p>\n<table>\n<tbody>\n<tr>\n<td width=\"614\">Art. 77 DSGVO normiert ein Beschwerderecht bei der Aufsichtsbeh\u00f6rde. Die f\u00fcr uns zust\u00e4ndige Aufsichtsbeh\u00f6rde ist die&nbsp;<\/p>\n<p>Die Landesbeauftragte f\u00fcr den Datenschutz und f\u00fcr das Recht auf Akteneinsicht<\/p>\n<p>Stahnsdorfer Damm 77<\/p>\n<p>14532 Kleinmachnow<\/p>\n<p>Telefon: 033203\/356-0<\/p>\n<p>Telefax: 033203\/356-49<\/p>\n<p>E-Mail: Poststelle@LDA.Brandenburg.de<\/td>\n<\/tr>\n<\/tbody>\n<\/table>\n<p>Letzte Aktualisierung: 17. April 2019<\/p>\n","protected":false},"excerpt":{"rendered":"<p>A. Name und Anschrift des Verantwortlichen (gem\u00e4\u00df Artikel 13 Absatz 1 Buchstabe a i.V.m. 4 Nummer 7 DSGVO) Grundschule \u201eKarl Liebknecht\u201c Neuruppin Franz-Mehring-Str. 1a 16816 Neuruppin Telefon: 03391 4049480 E-Mail: karlischu@t-online.de Vertretungsberechtigt Mathias J\u00e4kel, Schulleiter B. Kontaktdaten der oder des Datenschutzbeauftragten (gem\u00e4\u00df Artikel 13 Absatz 1 Buchstabe b) Frau Gudrun Unger Tel.:&nbsp; 03391 4044418 E-Mail: [&hellip;]<\/p>\n","protected":false},"author":1,"featured_media":0,"parent":0,"menu_order":0,"comment_status":"closed","ping_status":"closed","template":"","meta":{"ngg_post_thumbnail":0,"footnotes":""},"class_list":["post-2746","page","type-page","status-publish","hentry"],"_links":{"self":[{"href":"https:\/\/kls-neuruppin.de\/wordpress\/wp-json\/wp\/v2\/pages\/2746","targetHints":{"allow":["GET"]}}],"collection":[{"href":"https:\/\/kls-neuruppin.de\/wordpress\/wp-json\/wp\/v2\/pages"}],"about":[{"href":"https:\/\/kls-neuruppin.de\/wordpress\/wp-json\/wp\/v2\/types\/page"}],"author":[{"embeddable":true,"href":"https:\/\/kls-neuruppin.de\/wordpress\/wp-json\/wp\/v2\/users\/1"}],"replies":[{"embeddable":true,"href":"https:\/\/kls-neuruppin.de\/wordpress\/wp-json\/wp\/v2\/comments?post=2746"}],"version-history":[{"count":5,"href":"https:\/\/kls-neuruppin.de\/wordpress\/wp-json\/wp\/v2\/pages\/2746\/revisions"}],"predecessor-version":[{"id":7895,"href":"https:\/\/kls-neuruppin.de\/wordpress\/wp-json\/wp\/v2\/pages\/2746\/revisions\/7895"}],"wp:attachment":[{"href":"https:\/\/kls-neuruppin.de\/wordpress\/wp-json\/wp\/v2\/media?parent=2746"}],"curies":[{"name":"wp","href":"https:\/\/api.w.org\/{rel}","templated":true}]}}