{"id":310,"date":"2017-08-17T13:21:32","date_gmt":"2017-08-17T11:21:32","guid":{"rendered":"http:\/\/kls-neuruppin.de.w0170a7f.kasserver.com\/wordpress\/?page_id=310"},"modified":"2017-08-17T13:33:33","modified_gmt":"2017-08-17T11:33:33","slug":"18-07-2017-zeugnisfeier-klasse-6","status":"publish","type":"page","link":"https:\/\/kls-neuruppin.de\/wordpress\/18-07-2017-zeugnisfeier-klasse-6\/","title":{"rendered":"18.07.2017 Verabschiedung der 6. Klassen"},"content":{"rendered":"<p>Jedes Jahr zum Schuljahresschluss hei\u00dft es f\u00fcr die 6. Klassen, von Gewohntem Abschied zu nehmen.&nbsp;Dabei flie\u00dft schon manchmal die eine oder andere Tr\u00e4ne.&nbsp;In feierlicher Form und mit einem sch\u00f6nen Programm erhilelten die Sch\u00fclerinnen und Sch\u00fcler ihre letzten Grundschulzeugnisse.Im Moment des Abschieds waren manch \u00c4rger und Problem vergessen.Wir w\u00fcnschen euch sch\u00f6ne Ferien und einen guten Start in die 7. Klasse! Alles, alles Gute!&nbsp;<\/p>\nngg_shortcode_0_placeholder\n<p>&nbsp;<\/p>\n","protected":false},"excerpt":{"rendered":"<p>Jedes Jahr zum Schuljahresschluss hei\u00dft es f\u00fcr die 6. Klassen, von Gewohntem Abschied zu nehmen.&nbsp;Dabei flie\u00dft schon manchmal die eine oder andere Tr\u00e4ne.&nbsp;In feierlicher Form und mit einem sch\u00f6nen Programm erhilelten die Sch\u00fclerinnen und Sch\u00fcler ihre letzten Grundschulzeugnisse.Im Moment des Abschieds waren manch \u00c4rger und Problem vergessen.Wir w\u00fcnschen euch sch\u00f6ne Ferien und einen guten Start [&hellip;]<\/p>\n","protected":false},"author":1,"featured_media":0,"parent":0,"menu_order":0,"comment_status":"closed","ping_status":"closed","template":"","meta":{"ngg_post_thumbnail":0,"footnotes":""},"class_list":["post-310","page","type-page","status-publish","hentry"],"_links":{"self":[{"href":"https:\/\/kls-neuruppin.de\/wordpress\/wp-json\/wp\/v2\/pages\/310","targetHints":{"allow":["GET"]}}],"collection":[{"href":"https:\/\/kls-neuruppin.de\/wordpress\/wp-json\/wp\/v2\/pages"}],"about":[{"href":"https:\/\/kls-neuruppin.de\/wordpress\/wp-json\/wp\/v2\/types\/page"}],"author":[{"embeddable":true,"href":"https:\/\/kls-neuruppin.de\/wordpress\/wp-json\/wp\/v2\/users\/1"}],"replies":[{"embeddable":true,"href":"https:\/\/kls-neuruppin.de\/wordpress\/wp-json\/wp\/v2\/comments?post=310"}],"version-history":[{"count":3,"href":"https:\/\/kls-neuruppin.de\/wordpress\/wp-json\/wp\/v2\/pages\/310\/revisions"}],"predecessor-version":[{"id":347,"href":"https:\/\/kls-neuruppin.de\/wordpress\/wp-json\/wp\/v2\/pages\/310\/revisions\/347"}],"wp:attachment":[{"href":"https:\/\/kls-neuruppin.de\/wordpress\/wp-json\/wp\/v2\/media?parent=310"}],"curies":[{"name":"wp","href":"https:\/\/api.w.org\/{rel}","templated":true}]}}