{"id":411,"date":"2017-08-22T19:49:23","date_gmt":"2017-08-22T17:49:23","guid":{"rendered":"http:\/\/kls-neuruppin.de\/wordpress\/?page_id=411"},"modified":"2017-08-22T21:16:28","modified_gmt":"2017-08-22T19:16:28","slug":"unterricht","status":"publish","type":"page","link":"https:\/\/kls-neuruppin.de\/wordpress\/unterricht\/","title":{"rendered":"Unterricht"},"content":{"rendered":"<h1>Unsere St\u00e4rken &#8211;&nbsp;Fordern und F\u00f6rdern<\/h1>\n<p><strong>Talente entdecken und F\u00e4higkeiten entwickeln &#8211; das erm\u00f6glichen wir in zahlreichen Bereichen.<\/strong><\/p>\n<p><strong>Lesen<\/strong><br \/>\nW\u00e4hrend der Patenarbeit gibt es die Vorlesezeiten \u201eGro\u00dfe lesen f\u00fcr Kleine\u201c.<br \/>\nEine umfangreiche Schulbibliothek kann genutzt werden.<\/p>\n<p><strong>NAWI\/WAT <\/strong><br \/>\nIm Teilungsunterricht Klasse 5 werden handwerkliche F\u00e4higkeiten (Holzwerkstatt und Modellbau) entwickelt und geschult.Im Ganztag wird der Garten der Sinne f\u00fcr biologische Themen und aktiven Umweltschutz genutzt.<\/p>\n<p><strong>Umgang mit Medien <\/strong><br \/>\nIn einem modernen Computerkabinett wird der Umgang mit diesem Medium trainiert, f\u00fcr Unterrichtsrecherchen genutzt und im Ganztag Zusatzwissen erworben.<\/p>\n<p><strong>Sport und Bewegung <\/strong><br \/>\nT\u00e4glich gibt es die M\u00f6glichkeit im Ganztag sich sportlich zu bet\u00e4tigen. Ballspiele, Geschicklichkeit und Rhythmik werden angeboten,schulinterne Wettk\u00e4mpfe im Hochsprung, der Geschicklichkeit und den Ballsportarten trainieren Wettkampferfahrung, talentierte Kinder werden durch die Sportlehrer auf Wettkampfh\u00f6hepunkte wie Jugend trainiert f\u00fcr Olympia, Drachenbootrennen, Rudern gegen den Krebs und Crossl\u00e4ufe vorbereitet.<\/p>\n","protected":false},"excerpt":{"rendered":"<p>Unsere St\u00e4rken &#8211;&nbsp;Fordern und F\u00f6rdern Talente entdecken und F\u00e4higkeiten entwickeln &#8211; das erm\u00f6glichen wir in zahlreichen Bereichen. Lesen W\u00e4hrend der Patenarbeit gibt es die Vorlesezeiten \u201eGro\u00dfe lesen f\u00fcr Kleine\u201c. Eine umfangreiche Schulbibliothek kann genutzt werden. NAWI\/WAT Im Teilungsunterricht Klasse 5 werden handwerkliche F\u00e4higkeiten (Holzwerkstatt und Modellbau) entwickelt und geschult.Im Ganztag wird der Garten der Sinne [&hellip;]<\/p>\n","protected":false},"author":1,"featured_media":0,"parent":0,"menu_order":0,"comment_status":"closed","ping_status":"closed","template":"","meta":{"ngg_post_thumbnail":0,"footnotes":""},"class_list":["post-411","page","type-page","status-publish","hentry"],"_links":{"self":[{"href":"https:\/\/kls-neuruppin.de\/wordpress\/wp-json\/wp\/v2\/pages\/411","targetHints":{"allow":["GET"]}}],"collection":[{"href":"https:\/\/kls-neuruppin.de\/wordpress\/wp-json\/wp\/v2\/pages"}],"about":[{"href":"https:\/\/kls-neuruppin.de\/wordpress\/wp-json\/wp\/v2\/types\/page"}],"author":[{"embeddable":true,"href":"https:\/\/kls-neuruppin.de\/wordpress\/wp-json\/wp\/v2\/users\/1"}],"replies":[{"embeddable":true,"href":"https:\/\/kls-neuruppin.de\/wordpress\/wp-json\/wp\/v2\/comments?post=411"}],"version-history":[{"count":2,"href":"https:\/\/kls-neuruppin.de\/wordpress\/wp-json\/wp\/v2\/pages\/411\/revisions"}],"predecessor-version":[{"id":448,"href":"https:\/\/kls-neuruppin.de\/wordpress\/wp-json\/wp\/v2\/pages\/411\/revisions\/448"}],"wp:attachment":[{"href":"https:\/\/kls-neuruppin.de\/wordpress\/wp-json\/wp\/v2\/media?parent=411"}],"curies":[{"name":"wp","href":"https:\/\/api.w.org\/{rel}","templated":true}]}}