{"id":418,"date":"2017-08-22T20:00:20","date_gmt":"2017-08-22T18:00:20","guid":{"rendered":"http:\/\/kls-neuruppin.de\/wordpress\/?page_id=418"},"modified":"2019-02-03T11:00:13","modified_gmt":"2019-02-03T10:00:13","slug":"unterrichtszeiten","status":"publish","type":"page","link":"https:\/\/kls-neuruppin.de\/wordpress\/unterrichtszeiten\/","title":{"rendered":"Unterrichtszeiten"},"content":{"rendered":"<p>Seit September 2006 bieten wir eine&nbsp;<b>Ganztagsschule&nbsp;<\/b>in offener Form an.&nbsp;<\/p>\n<p style=\"text-align: left;\"><b>Das hei\u00dft:&nbsp;<\/b>offener Beginn: 7.30 Uhr &#8211; fr\u00fchst\u00fccken, spielen, reden, Verabredung mit einer Lehrerin oder einem Lehrer zur besonderen Aufgabenerf\u00fcllung, Erledigung von Planaufgaben<\/p>\n<p style=\"text-align: center;\">1. Stunde: 07.50-08.35 Uhr<br \/>\n2. Stunde: 08.50-09.35 Uhr<br \/>\n3. Stunde: 09.55-10.40 Uhr<br \/>\n4. Stunde: 10.50-11.35 Uhr<br \/>\n5. Stunde: 12.00-12.45 Uhr<br \/>\n6. Stunde: 12.55-13.40 Uhr<br \/>\n7. Stunde: 13.50-14.35 Uhr<\/p>\n<p>Bei au\u00dferplanm\u00e4\u00dfigen Ereignissen (hitzefrei) endet der Unterricht in der Regel ab 12.00 Uhr.<\/p>\n","protected":false},"excerpt":{"rendered":"<p>Seit September 2006 bieten wir eine&nbsp;Ganztagsschule&nbsp;in offener Form an.&nbsp; Das hei\u00dft:&nbsp;offener Beginn: 7.30 Uhr &#8211; fr\u00fchst\u00fccken, spielen, reden, Verabredung mit einer Lehrerin oder einem Lehrer zur besonderen Aufgabenerf\u00fcllung, Erledigung von Planaufgaben 1. Stunde: 07.50-08.35 Uhr 2. Stunde: 08.50-09.35 Uhr 3. Stunde: 09.55-10.40 Uhr 4. Stunde: 10.50-11.35 Uhr 5. Stunde: 12.00-12.45 Uhr 6. Stunde: 12.55-13.40 Uhr [&hellip;]<\/p>\n","protected":false},"author":1,"featured_media":0,"parent":0,"menu_order":0,"comment_status":"closed","ping_status":"closed","template":"","meta":{"ngg_post_thumbnail":0,"footnotes":""},"class_list":["post-418","page","type-page","status-publish","hentry"],"_links":{"self":[{"href":"https:\/\/kls-neuruppin.de\/wordpress\/wp-json\/wp\/v2\/pages\/418","targetHints":{"allow":["GET"]}}],"collection":[{"href":"https:\/\/kls-neuruppin.de\/wordpress\/wp-json\/wp\/v2\/pages"}],"about":[{"href":"https:\/\/kls-neuruppin.de\/wordpress\/wp-json\/wp\/v2\/types\/page"}],"author":[{"embeddable":true,"href":"https:\/\/kls-neuruppin.de\/wordpress\/wp-json\/wp\/v2\/users\/1"}],"replies":[{"embeddable":true,"href":"https:\/\/kls-neuruppin.de\/wordpress\/wp-json\/wp\/v2\/comments?post=418"}],"version-history":[{"count":6,"href":"https:\/\/kls-neuruppin.de\/wordpress\/wp-json\/wp\/v2\/pages\/418\/revisions"}],"predecessor-version":[{"id":4693,"href":"https:\/\/kls-neuruppin.de\/wordpress\/wp-json\/wp\/v2\/pages\/418\/revisions\/4693"}],"wp:attachment":[{"href":"https:\/\/kls-neuruppin.de\/wordpress\/wp-json\/wp\/v2\/media?parent=418"}],"curies":[{"name":"wp","href":"https:\/\/api.w.org\/{rel}","templated":true}]}}