{"id":434,"date":"2017-08-22T20:48:41","date_gmt":"2017-08-22T18:48:41","guid":{"rendered":"http:\/\/kls-neuruppin.de\/wordpress\/?page_id=434"},"modified":"2025-11-05T10:17:14","modified_gmt":"2025-11-05T09:17:14","slug":"begabtenfoerderung","status":"publish","type":"page","link":"https:\/\/kls-neuruppin.de\/wordpress\/begabtenfoerderung\/","title":{"rendered":"Begabtenf\u00f6rderung"},"content":{"rendered":"\n<p>An unserer Schule k\u00f6nnen begabte Kinder im Bereich der Musik sowie im Schach besonders gef\u00f6rdert werden. Dar\u00fcber hinaus gibt es noch eine f\u00e4cher\u00fcbergreifende Pfiffikus-AG.<\/p>\n\n\n<div class=\"wp-block-image\">\n<figure class=\"aligncenter\"><a href=\"https:\/\/kls-neuruppin.de\/wordpress\/wp-content\/uploads\/2018\/05\/Schach_Background.jpg\"><img fetchpriority=\"high\" decoding=\"async\" width=\"1024\" height=\"683\" src=\"https:\/\/kls-neuruppin.de\/wordpress\/wp-content\/uploads\/2018\/05\/Schach_Background-1024x683.jpg\" alt=\"\" class=\"wp-image-2684\" srcset=\"https:\/\/kls-neuruppin.de\/wordpress\/wp-content\/uploads\/2018\/05\/Schach_Background-1024x683.jpg 1024w, https:\/\/kls-neuruppin.de\/wordpress\/wp-content\/uploads\/2018\/05\/Schach_Background-300x200.jpg 300w, https:\/\/kls-neuruppin.de\/wordpress\/wp-content\/uploads\/2018\/05\/Schach_Background-768x512.jpg 768w, https:\/\/kls-neuruppin.de\/wordpress\/wp-content\/uploads\/2018\/05\/Schach_Background-624x416.jpg 624w, https:\/\/kls-neuruppin.de\/wordpress\/wp-content\/uploads\/2018\/05\/Schach_Background.jpg 1500w\" sizes=\"(max-width: 1024px) 100vw, 1024px\" \/><\/a><\/figure>\n<\/div>\n\n\n<p><strong>Schach<\/strong><br>Seit 1982 wird das Schachspielen an unserer Schule intensiv trainiert. Seit dem Jahr 2010 findet dies speziell als Begabtenf\u00f6rderung Schach auch w\u00e4hrend des Unterrichtes statt. Hier wird insbesondere die Logik und die Strategie geschult. Es besteht eine Kooperation im Ganztag zur TSG Neuruppin, die weitere Angebote f\u00fcr Freizeitspieler bereit h\u00e4lt. Im Jahr 2011 errang unsere Schule den Landesmeistertitel im Schulschach. Weitere Erfolge sind auf Kreis- und Landesebene bei diversen Turnieren zu finden. Immer wieder gelingt es auch Sch\u00fclerinnen und Sch\u00fclern, sich f\u00fcr die Deutschen Meisterschaften des Nachwuchses zu qualifizieren.<br>Ansprechpartner: Mathias J\u00e4kel<\/p>\n\n\n\n<figure class=\"wp-block-image size-large\"><img decoding=\"async\" width=\"1024\" height=\"681\" src=\"https:\/\/kls-neuruppin.de\/wordpress\/wp-content\/uploads\/2023\/09\/DSC_2397-1024x681.jpg\" alt=\"\" class=\"wp-image-19204\" srcset=\"https:\/\/kls-neuruppin.de\/wordpress\/wp-content\/uploads\/2023\/09\/DSC_2397-1024x681.jpg 1024w, https:\/\/kls-neuruppin.de\/wordpress\/wp-content\/uploads\/2023\/09\/DSC_2397-300x200.jpg 300w, https:\/\/kls-neuruppin.de\/wordpress\/wp-content\/uploads\/2023\/09\/DSC_2397-768x511.jpg 768w, https:\/\/kls-neuruppin.de\/wordpress\/wp-content\/uploads\/2023\/09\/DSC_2397-1536x1022.jpg 1536w, https:\/\/kls-neuruppin.de\/wordpress\/wp-content\/uploads\/2023\/09\/DSC_2397-2048x1363.jpg 2048w, https:\/\/kls-neuruppin.de\/wordpress\/wp-content\/uploads\/2023\/09\/DSC_2397-624x415.jpg 624w\" sizes=\"(max-width: 1024px) 100vw, 1024px\" \/><\/figure>\n\n\n\n<p><strong>Musik <\/strong><br>Auch in Kooperation mit der Musikschule Neuruppin wird w\u00e4hrend des Unterrichtes, aber auch im Ganztag, der musischen Bildung viel Raum gegeben. Es wird Fl\u00f6tenunterricht erteilt, im Schulorchester Tastensprung wird das Akkordeon spielen und das Spielen von Rhythmusinstrumenten erlernt, der Spatzenchor bietet eine Gesangs- und Moderationsausbildung und im Ganztag beim Tanzen und Cheerleading werden Ausdauer und Rhythmus trainiert.<br>Ansprechpartner: Gavin Taylor<\/p>\n\n\n\n<p><strong>Pfiffikus-AG<\/strong><\/p>\n\n\n\n<ul class=\"wp-block-list\">\n<li>individuelle Angebote f\u00fcr begabte und hochbegabte SuS, die ihren Bed\u00fcrfnissen gerecht werden<\/li>\n\n\n\n<li>unterteilt in zwei Altersgruppen (Klasse 2\/3 sowie Klasse 4-6)<\/li>\n\n\n\n<li>Logik- und Kombinatorikaufgaben<\/li>\n\n\n\n<li>mathematische Knobelaufgaben<\/li>\n\n\n\n<li>freies kreatives Schreiben<\/li>\n<\/ul>\n\n\n\n<p>Ansprechpartnerin: Viola Freier<\/p>\n","protected":false},"excerpt":{"rendered":"<p>An unserer Schule k\u00f6nnen begabte Kinder im Bereich der Musik sowie im Schach besonders gef\u00f6rdert werden. Dar\u00fcber hinaus gibt es noch eine f\u00e4cher\u00fcbergreifende Pfiffikus-AG. SchachSeit 1982 wird das Schachspielen an unserer Schule intensiv trainiert. Seit dem Jahr 2010 findet dies speziell als Begabtenf\u00f6rderung Schach auch w\u00e4hrend des Unterrichtes statt. Hier wird insbesondere die Logik und [&hellip;]<\/p>\n","protected":false},"author":1,"featured_media":0,"parent":0,"menu_order":0,"comment_status":"closed","ping_status":"closed","template":"","meta":{"ngg_post_thumbnail":0,"footnotes":""},"class_list":["post-434","page","type-page","status-publish","hentry"],"_links":{"self":[{"href":"https:\/\/kls-neuruppin.de\/wordpress\/wp-json\/wp\/v2\/pages\/434","targetHints":{"allow":["GET"]}}],"collection":[{"href":"https:\/\/kls-neuruppin.de\/wordpress\/wp-json\/wp\/v2\/pages"}],"about":[{"href":"https:\/\/kls-neuruppin.de\/wordpress\/wp-json\/wp\/v2\/types\/page"}],"author":[{"embeddable":true,"href":"https:\/\/kls-neuruppin.de\/wordpress\/wp-json\/wp\/v2\/users\/1"}],"replies":[{"embeddable":true,"href":"https:\/\/kls-neuruppin.de\/wordpress\/wp-json\/wp\/v2\/comments?post=434"}],"version-history":[{"count":10,"href":"https:\/\/kls-neuruppin.de\/wordpress\/wp-json\/wp\/v2\/pages\/434\/revisions"}],"predecessor-version":[{"id":22041,"href":"https:\/\/kls-neuruppin.de\/wordpress\/wp-json\/wp\/v2\/pages\/434\/revisions\/22041"}],"wp:attachment":[{"href":"https:\/\/kls-neuruppin.de\/wordpress\/wp-json\/wp\/v2\/media?parent=434"}],"curies":[{"name":"wp","href":"https:\/\/api.w.org\/{rel}","templated":true}]}}