{"id":438,"date":"2017-08-22T21:02:31","date_gmt":"2017-08-22T19:02:31","guid":{"rendered":"http:\/\/kls-neuruppin.de\/wordpress\/?page_id=438"},"modified":"2025-08-26T07:12:12","modified_gmt":"2025-08-26T05:12:12","slug":"foerderung","status":"publish","type":"page","link":"https:\/\/kls-neuruppin.de\/wordpress\/foerderung\/","title":{"rendered":"F\u00f6rderangebote"},"content":{"rendered":"<p><strong>F\u00f6rderangebot beim Erlernen der deutschen Sprache f\u00fcr Kinder mit Migrationshintergrund<\/strong><br \/>\nNach einem Konzept zum Erlernen der deutschen Sprache f\u00fcr Kinder mit Migrationshintergrund erfolgt nach einer Sprachanalyse eine individuelle Unterst\u00fctzung innerhalb und au\u00dferhalb des Unterrichts. Unterst\u00fctzung erhalten die Kinder im Einzel- oder Kleingruppenunterricht, ebenso durch Begleitung im Unterricht in der Regelklasse.<br \/>\nAnsprechpartner: D\u00f6rte Haake, Anja Prust, Celina Aniol<\/p>\n<p><strong>F\u00f6rderung im Bereich Lernen, Sprache und emotional-soziale Entwicklung<\/strong><br \/>\nNach einem individuellen F\u00f6rderplan werden Kinder mit diesem F\u00f6rderbedarf durch unsere Sonderp\u00e4dagoginnen in Einzel-, Kleingruppen oder binnendifferenziert&nbsp;im Klassenunterricht&nbsp;begleitet.<br \/>\nAnsprechpartner: Ute Siegemund, Christine Futterlieb, Berit Albrecht, Gavin Taylor, Mareike G\u00f6rn<\/p>\n<p><strong>Teilleistungsschw\u00e4che<\/strong><br \/>\n&#8211; Lese-Rechtschreib-Schwierigkeiten<br \/>\n&#8211; Rechenschwierigkeiten<br \/>\nSpeziell fortgebildete Lehrkr\u00e4fte bieten zus\u00e4tzliche F\u00f6rderung an.<br \/>\nAnsprechpartner: Gabi Lehmann und Heike Komzak&nbsp;<\/p>\n<p>&nbsp;<\/p>\n","protected":false},"excerpt":{"rendered":"<p>F\u00f6rderangebot beim Erlernen der deutschen Sprache f\u00fcr Kinder mit Migrationshintergrund Nach einem Konzept zum Erlernen der deutschen Sprache f\u00fcr Kinder mit Migrationshintergrund erfolgt nach einer Sprachanalyse eine individuelle Unterst\u00fctzung innerhalb und au\u00dferhalb des Unterrichts. Unterst\u00fctzung erhalten die Kinder im Einzel- oder Kleingruppenunterricht, ebenso durch Begleitung im Unterricht in der Regelklasse. Ansprechpartner: D\u00f6rte Haake, Anja Prust, [&hellip;]<\/p>\n","protected":false},"author":1,"featured_media":0,"parent":0,"menu_order":0,"comment_status":"closed","ping_status":"closed","template":"","meta":{"ngg_post_thumbnail":0,"footnotes":""},"class_list":["post-438","page","type-page","status-publish","hentry"],"_links":{"self":[{"href":"https:\/\/kls-neuruppin.de\/wordpress\/wp-json\/wp\/v2\/pages\/438","targetHints":{"allow":["GET"]}}],"collection":[{"href":"https:\/\/kls-neuruppin.de\/wordpress\/wp-json\/wp\/v2\/pages"}],"about":[{"href":"https:\/\/kls-neuruppin.de\/wordpress\/wp-json\/wp\/v2\/types\/page"}],"author":[{"embeddable":true,"href":"https:\/\/kls-neuruppin.de\/wordpress\/wp-json\/wp\/v2\/users\/1"}],"replies":[{"embeddable":true,"href":"https:\/\/kls-neuruppin.de\/wordpress\/wp-json\/wp\/v2\/comments?post=438"}],"version-history":[{"count":10,"href":"https:\/\/kls-neuruppin.de\/wordpress\/wp-json\/wp\/v2\/pages\/438\/revisions"}],"predecessor-version":[{"id":21822,"href":"https:\/\/kls-neuruppin.de\/wordpress\/wp-json\/wp\/v2\/pages\/438\/revisions\/21822"}],"wp:attachment":[{"href":"https:\/\/kls-neuruppin.de\/wordpress\/wp-json\/wp\/v2\/media?parent=438"}],"curies":[{"name":"wp","href":"https:\/\/api.w.org\/{rel}","templated":true}]}}