{"id":7954,"date":"2020-08-09T10:29:17","date_gmt":"2020-08-09T08:29:17","guid":{"rendered":"http:\/\/kls-neuruppin.de\/wordpress\/?page_id=7954"},"modified":"2020-08-09T10:29:17","modified_gmt":"2020-08-09T08:29:17","slug":"49-kinder-in-klasse-1-begruesst","status":"publish","type":"page","link":"https:\/\/kls-neuruppin.de\/wordpress\/49-kinder-in-klasse-1-begruesst\/","title":{"rendered":"49 Kinder in Klasse 1 begr\u00fc\u00dft"},"content":{"rendered":"\n<p>Am gestrigen Sonnabend begr\u00fc\u00dfte Schulleiter Mathias J\u00e4kel 49 neue Sch\u00fclerinnen und Sch\u00fcler an der Grundschule &#8220;Karl Liebknecht&#8221; Neuruppin zur diesj\u00e4hrigen Einschulungsfeier. In der Klasse 1a von Frau Neumann lernen ab Montag 24 Kinder, in der Klasse 1b von Frau Harder 25 Kinder. Ein gro\u00dfer Dank gilt allen Beteiligten, die f\u00fcr die Feierlichkeiten verantwortlich zeichneten.<\/p>\n\n\n\n<p><a href=\"https:\/\/kls-neuruppin.de\/wordpress\/08-08-2020-einschulung\/\">..:: Fotos ::..<\/a><\/p>\n\n\n\n<p><a href=\"https:\/\/www.pscp.tv\/w\/1LyGBaOOjyaKN\">Einschulungsfeier Klasse 1a zum Nachschauen<\/a><\/p>\n\n\n\n<p><a href=\"https:\/\/www.pscp.tv\/w\/1vOGwkeeooqGB\">Einschulungsfeier Klasse 1b zum Nachschauen<\/a><\/p>\n\n\n\n<p><\/p>\n","protected":false},"excerpt":{"rendered":"<p>Am gestrigen Sonnabend begr\u00fc\u00dfte Schulleiter Mathias J\u00e4kel 49 neue Sch\u00fclerinnen und Sch\u00fcler an der Grundschule &#8220;Karl Liebknecht&#8221; Neuruppin zur diesj\u00e4hrigen Einschulungsfeier. In der Klasse 1a von Frau Neumann lernen ab Montag 24 Kinder, in der Klasse 1b von Frau Harder 25 Kinder. Ein gro\u00dfer Dank gilt allen Beteiligten, die f\u00fcr die Feierlichkeiten verantwortlich zeichneten. ..:: [&hellip;]<\/p>\n","protected":false},"author":1,"featured_media":0,"parent":0,"menu_order":0,"comment_status":"closed","ping_status":"closed","template":"","meta":{"ngg_post_thumbnail":0,"footnotes":""},"class_list":["post-7954","page","type-page","status-publish","hentry"],"_links":{"self":[{"href":"https:\/\/kls-neuruppin.de\/wordpress\/wp-json\/wp\/v2\/pages\/7954","targetHints":{"allow":["GET"]}}],"collection":[{"href":"https:\/\/kls-neuruppin.de\/wordpress\/wp-json\/wp\/v2\/pages"}],"about":[{"href":"https:\/\/kls-neuruppin.de\/wordpress\/wp-json\/wp\/v2\/types\/page"}],"author":[{"embeddable":true,"href":"https:\/\/kls-neuruppin.de\/wordpress\/wp-json\/wp\/v2\/users\/1"}],"replies":[{"embeddable":true,"href":"https:\/\/kls-neuruppin.de\/wordpress\/wp-json\/wp\/v2\/comments?post=7954"}],"version-history":[{"count":1,"href":"https:\/\/kls-neuruppin.de\/wordpress\/wp-json\/wp\/v2\/pages\/7954\/revisions"}],"predecessor-version":[{"id":7956,"href":"https:\/\/kls-neuruppin.de\/wordpress\/wp-json\/wp\/v2\/pages\/7954\/revisions\/7956"}],"wp:attachment":[{"href":"https:\/\/kls-neuruppin.de\/wordpress\/wp-json\/wp\/v2\/media?parent=7954"}],"curies":[{"name":"wp","href":"https:\/\/api.w.org\/{rel}","templated":true}]}}