{"id":88,"date":"2017-06-20T21:37:07","date_gmt":"2017-06-20T19:37:07","guid":{"rendered":"http:\/\/kls-neuruppin.de.w0170a7f.kasserver.com\/wordpress\/?page_id=88"},"modified":"2025-08-28T12:30:41","modified_gmt":"2025-08-28T10:30:41","slug":"lehrer","status":"publish","type":"page","link":"https:\/\/kls-neuruppin.de\/wordpress\/lehrer\/","title":{"rendered":"Lehrer"},"content":{"rendered":"<p><a href=\"https:\/\/kls-neuruppin.de\/wordpress\/lehrer\/lehrer_20_08_2018\/\" rel=\"attachment wp-att-3522\"><img fetchpriority=\"high\" decoding=\"async\" class=\"aligncenter size-large wp-image-5678\" src=\"https:\/\/kls-neuruppin.de\/wordpress\/wp-content\/uploads\/2019\/08\/Lehrerfoto_2019_2020_Ausschnitt-1024x730.jpg\" alt=\"\" width=\"625\" height=\"446\" srcset=\"https:\/\/kls-neuruppin.de\/wordpress\/wp-content\/uploads\/2019\/08\/Lehrerfoto_2019_2020_Ausschnitt-1024x730.jpg 1024w, https:\/\/kls-neuruppin.de\/wordpress\/wp-content\/uploads\/2019\/08\/Lehrerfoto_2019_2020_Ausschnitt-300x214.jpg 300w, https:\/\/kls-neuruppin.de\/wordpress\/wp-content\/uploads\/2019\/08\/Lehrerfoto_2019_2020_Ausschnitt-768x548.jpg 768w, https:\/\/kls-neuruppin.de\/wordpress\/wp-content\/uploads\/2019\/08\/Lehrerfoto_2019_2020_Ausschnitt-624x445.jpg 624w\" sizes=\"(max-width: 625px) 100vw, 625px\" \/><\/a><\/p>\n<p><strong>Schuljahr 2025\/2026<\/strong><\/p>\n<p>An unserer Schule unterrichten 21<strong> Lehrerinnen und Lehrer<\/strong> unsere 300<strong> Kinder<\/strong> in <strong>13 Klassen<\/strong>.&nbsp;Unsere Kolleginnen und Kollegen arbeiten motiviert, kompetent und setzen ihre ganze Kraft f\u00fcr eine hohe Qualit\u00e4t ihres Unterrichtes ein.<br \/>\nSie beteiligen sich an Fortbildungen, lernen in Kursen, beim Studium oder in Arbeitskreisen. Sie planen im Team und arbeiten m\u00f6glichst f\u00e4cher\u00fcbergreifend, sind innovativ und aufgeschlossen.<\/p>\n<p><strong>Klasse 1a:<\/strong> Frau Komzak &#8211; Email: heike.komzak@lk.brandenburg.de<br \/>\n<strong>Klasse 1b:<\/strong> Frau Neumann &#8211; Email: gabriele.neumann@lk.brandenburg.de<\/p>\n<p><strong>Klasse 2a:<\/strong> Frau Siegemund &#8211; Email: ute.siegemund@lk.brandenburg.de<br \/>\n<strong>Klasse 2b:<\/strong> Frau Haake &#8211; Email: doerte.haake@lk.brandenburg.de<br \/>\n<strong>Klasse 2c:<\/strong> Frau Lehmann &#8211; Email: gabi.schmidt@lk.brandenburg.de<\/p>\n<p><strong>Klasse 3a: <\/strong>Frau Lemm &#8211; Email: laura.lemm@lk.brandenburg.de<strong><br \/>\nKlasse 3b:<\/strong> Frau Hauser &#8211; Email: vivian.hauser@lk.brandenburg.de<\/p>\n<p><strong>Klasse 4a: <\/strong>Herr Jundel &#8211; Email: oliver.jundel@lk.brandenburg.de<strong><br \/>\nKlasse 4b:<\/strong> Herr Taylor &#8211; Email: gavin.taylor@lk.brandenburg.de<\/p>\n<p><strong>Klasse 5a: <\/strong>Frau Eckbrett &#8211; Email: angela.eckbrett@lk.brandenburg.de<strong><br \/>\nKlasse 5b: <\/strong>Frau Freier &#8211; Email: viola.freier@lk.brandenburg.de<\/p>\n<p><strong>Klasse 6a:<\/strong> Frau Brandt &#8211; Email: andrea.brandt@lk.brandenburg.de<br \/>\n<strong>Klasse 6b:<\/strong> Frau G\u00f6rn &#8211; Email: mareike.goern@lk.brandenburg.de<\/p>\n<p>Weiterhin unterrichten an unserer Schule folgende Lehrer:<\/p>\n<p>Herr J\u00e4kel &#8211; Email: mathias.jaekel@lk.brandenburg.de<\/p>\n<p>Frau Henschel &#8211; Email: astrid.henschel@lk.brandenburg.de<\/p>\n<p>Frau Michael &#8211; Email: jana.michael@lk.brandenburg.de<\/p>\n<p>Frau Futterlieb &#8211; Email: christine.futterlieb@lk.brandenburg.de<\/p>\n<p>Frau Prust &#8211; Email: anja.prust@lk.brandenburg.de<\/p>\n<p>Frau Aniol &#8211; Email: celina.aniol@lk.brandenburg.de<\/p>\n<p>Frau Weinberg &#8211; Email: romy.weinberg2@lk.brandenburg.de<\/p>\n<p>Frau Timm &#8211; Email: joana.timm@lk.brandenburg.de<\/p>\n<p>Marc Wolf &#8211; Email: marc.wolf2@lk.brandenburg.de<\/p>\n<p>Frau Kose &#8211; Email: sabrina.kose@lk.brandenburg.de&nbsp;<\/p>\n<p>&nbsp;<\/p>\n","protected":false},"excerpt":{"rendered":"<p>Schuljahr 2025\/2026 An unserer Schule unterrichten 21 Lehrerinnen und Lehrer unsere 300 Kinder in 13 Klassen.&nbsp;Unsere Kolleginnen und Kollegen arbeiten motiviert, kompetent und setzen ihre ganze Kraft f\u00fcr eine hohe Qualit\u00e4t ihres Unterrichtes ein. Sie beteiligen sich an Fortbildungen, lernen in Kursen, beim Studium oder in Arbeitskreisen. Sie planen im Team und arbeiten m\u00f6glichst f\u00e4cher\u00fcbergreifend, [&hellip;]<\/p>\n","protected":false},"author":1,"featured_media":0,"parent":0,"menu_order":0,"comment_status":"closed","ping_status":"closed","template":"","meta":{"ngg_post_thumbnail":0,"footnotes":""},"class_list":["post-88","page","type-page","status-publish","hentry"],"_links":{"self":[{"href":"https:\/\/kls-neuruppin.de\/wordpress\/wp-json\/wp\/v2\/pages\/88","targetHints":{"allow":["GET"]}}],"collection":[{"href":"https:\/\/kls-neuruppin.de\/wordpress\/wp-json\/wp\/v2\/pages"}],"about":[{"href":"https:\/\/kls-neuruppin.de\/wordpress\/wp-json\/wp\/v2\/types\/page"}],"author":[{"embeddable":true,"href":"https:\/\/kls-neuruppin.de\/wordpress\/wp-json\/wp\/v2\/users\/1"}],"replies":[{"embeddable":true,"href":"https:\/\/kls-neuruppin.de\/wordpress\/wp-json\/wp\/v2\/comments?post=88"}],"version-history":[{"count":63,"href":"https:\/\/kls-neuruppin.de\/wordpress\/wp-json\/wp\/v2\/pages\/88\/revisions"}],"predecessor-version":[{"id":21824,"href":"https:\/\/kls-neuruppin.de\/wordpress\/wp-json\/wp\/v2\/pages\/88\/revisions\/21824"}],"wp:attachment":[{"href":"https:\/\/kls-neuruppin.de\/wordpress\/wp-json\/wp\/v2\/media?parent=88"}],"curies":[{"name":"wp","href":"https:\/\/api.w.org\/{rel}","templated":true}]}}