{"id":99,"date":"2017-06-20T21:45:32","date_gmt":"2017-06-20T19:45:32","guid":{"rendered":"http:\/\/kls-neuruppin.de.w0170a7f.kasserver.com\/wordpress\/?page_id=99"},"modified":"2025-05-12T11:05:50","modified_gmt":"2025-05-12T09:05:50","slug":"impressum","status":"publish","type":"page","link":"https:\/\/kls-neuruppin.de\/wordpress\/impressum\/","title":{"rendered":"Impressum"},"content":{"rendered":"<p style=\"text-align: center;\"><strong>Grundschule &#8220;Karl Liebknecht&#8221; Neuruppin <\/strong><br \/>\nFranz-Mehring-Str. 1a<br \/>\n16816 Neuruppin<\/p>\n<p style=\"text-align: center;\"><strong>Schulleitung<\/strong><br \/>\nHerr Mathias J\u00e4kel<br \/>\nFrau Astrid Henschel<\/p>\n<p style=\"text-align: center;\"><strong>Sekretariat<\/strong><br \/>\nFrau Ines R\u00e4der<\/p>\n<p style=\"text-align: center;\"><b>Sozialarbeit<\/b><br \/>\nFrau Annett Haack<\/p>\n<p style=\"text-align: center;\"><b>Datenschutzbeauftragte<\/b><br \/>\nFrau Gudrun Unger&nbsp;<\/p>\n<p style=\"text-align: center;\">Tel.: 03391\/7007031 \/ Email: datenschutz-schulen-np@schulaemter.brandenburg.de<\/p>\n<p style=\"text-align: center;\"><strong>Hausmeister<\/strong><br \/>\nHerr Mohnke<br \/>\nHerr Zabel<\/p>\n<p style=\"text-align: center;\"><strong>Telefon:<\/strong> 03391 404948-0<strong> Fax:<\/strong> 03391 404948-9<br \/>\n<strong>Mail:<\/strong> karlischu@t-online.de<br \/>\n<strong>Web:<\/strong> www.kls-neuruppin.de<\/p>\n<p style=\"text-align: center;\"><b>Haftungshinweis:<\/b>&nbsp;Trotz sorgf\u00e4ltiger inhaltlicher Kontrolle \u00fcbernehmen wir keine Haftung f\u00fcr die Inhalte externer Links. F\u00fcr den Inhalt der verlinkten Seiten sind ausschlie\u00dflich deren Betreiber verantwortlich.<\/p>\n","protected":false},"excerpt":{"rendered":"<p>Grundschule &#8220;Karl Liebknecht&#8221; Neuruppin Franz-Mehring-Str. 1a 16816 Neuruppin Schulleitung Herr Mathias J\u00e4kel Frau Astrid Henschel Sekretariat Frau Ines R\u00e4der Sozialarbeit Frau Annett Haack Datenschutzbeauftragte Frau Gudrun Unger&nbsp; Tel.: 03391\/7007031 \/ Email: datenschutz-schulen-np@schulaemter.brandenburg.de Hausmeister Herr Mohnke Herr Zabel Telefon: 03391 404948-0 Fax: 03391 404948-9 Mail: karlischu@t-online.de Web: www.kls-neuruppin.de Haftungshinweis:&nbsp;Trotz sorgf\u00e4ltiger inhaltlicher Kontrolle \u00fcbernehmen wir keine Haftung [&hellip;]<\/p>\n","protected":false},"author":1,"featured_media":0,"parent":0,"menu_order":0,"comment_status":"closed","ping_status":"closed","template":"","meta":{"ngg_post_thumbnail":0,"footnotes":""},"class_list":["post-99","page","type-page","status-publish","hentry"],"_links":{"self":[{"href":"https:\/\/kls-neuruppin.de\/wordpress\/wp-json\/wp\/v2\/pages\/99","targetHints":{"allow":["GET"]}}],"collection":[{"href":"https:\/\/kls-neuruppin.de\/wordpress\/wp-json\/wp\/v2\/pages"}],"about":[{"href":"https:\/\/kls-neuruppin.de\/wordpress\/wp-json\/wp\/v2\/types\/page"}],"author":[{"embeddable":true,"href":"https:\/\/kls-neuruppin.de\/wordpress\/wp-json\/wp\/v2\/users\/1"}],"replies":[{"embeddable":true,"href":"https:\/\/kls-neuruppin.de\/wordpress\/wp-json\/wp\/v2\/comments?post=99"}],"version-history":[{"count":14,"href":"https:\/\/kls-neuruppin.de\/wordpress\/wp-json\/wp\/v2\/pages\/99\/revisions"}],"predecessor-version":[{"id":21153,"href":"https:\/\/kls-neuruppin.de\/wordpress\/wp-json\/wp\/v2\/pages\/99\/revisions\/21153"}],"wp:attachment":[{"href":"https:\/\/kls-neuruppin.de\/wordpress\/wp-json\/wp\/v2\/media?parent=99"}],"curies":[{"name":"wp","href":"https:\/\/api.w.org\/{rel}","templated":true}]}}